{"id":3568,"date":"2013-04-04T23:55:11","date_gmt":"2013-04-04T23:55:11","guid":{"rendered":"http:\/\/koblarjev-zaliv.si.res-rei.si\/?page_id=3568"},"modified":"2019-08-04T09:43:17","modified_gmt":"2019-08-04T09:43:17","slug":"kontakt","status":"publish","type":"page","link":"https:\/\/www.koblarjev-zaliv.si\/de\/kontakt\/","title":{"rendered":"Kontakt"},"content":{"rendered":"\n<style type=\"text\/css\" data-created_by=\"avia_inline_auto\" id=\"style-css-av-mn502-fe4c0b61b51251e0b57cc553f1ab06fa\">\n.avia-section.av-mn502-fe4c0b61b51251e0b57cc553f1ab06fa{\nbackground-repeat:no-repeat;\nbackground-image:url(https:\/\/www.koblarjev-zaliv.si\/wp-content\/uploads\/2013\/04\/Gostilna-Maribor-Koblarjev-Zaliv.jpg);\nbackground-position:0% 0%;\nbackground-attachment:scroll;\n}\n.avia-section.av-mn502-fe4c0b61b51251e0b57cc553f1ab06fa .av-section-color-overlay{\nopacity:0.6;\nbackground-color:#0c0c0c;\n}\n<\/style>\n<div id='av_section_1'  class='avia-section av-mn502-fe4c0b61b51251e0b57cc553f1ab06fa main_color avia-section-large avia-no-border-styling  avia-builder-el-0  el_before_av_section  avia-builder-el-first  avia-bg-style-scroll av-section-color-overlay-active container_wrap sidebar_right'  data-section-bg-repeat='no-repeat'><div class=\"av-section-color-overlay-wrap\"><div class=\"av-section-color-overlay\"><\/div><div class='container av-section-cont-open' ><main  role=\"main\" itemprop=\"mainContentOfPage\"  class='template-page content  av-content-small alpha units'><div class='post-entry post-entry-type-page post-entry-3568'><div class='entry-content-wrapper clearfix'>\n\n<style type=\"text\/css\" data-created_by=\"avia_inline_auto\" id=\"style-css-av-4uggjm-70aa6150dc54e38aaebadbcd98f2254b\">\n.flex_column.av-4uggjm-70aa6150dc54e38aaebadbcd98f2254b{\nborder-radius:0px 0px 0px 0px;\npadding:0px 0px 0px 0px;\n}\n<\/style>\n<div  class='flex_column av-4uggjm-70aa6150dc54e38aaebadbcd98f2254b av_one_full  avia-builder-el-1  avia-builder-el-no-sibling  first flex_column_div av-zero-column-padding  '     ><style type=\"text\/css\" data-created_by=\"avia_inline_auto\" id=\"style-css-av-jwa7srvo-1afb82c4082b86236de373dcff0331d9\">\n#top .av-special-heading.av-jwa7srvo-1afb82c4082b86236de373dcff0331d9{\npadding-bottom:10px;\ncolor:#ffffff;\n}\nbody .av-special-heading.av-jwa7srvo-1afb82c4082b86236de373dcff0331d9 .av-special-heading-tag .heading-char{\nfont-size:25px;\n}\n.av-special-heading.av-jwa7srvo-1afb82c4082b86236de373dcff0331d9 .special-heading-inner-border{\nborder-color:#ffffff;\n}\n.av-special-heading.av-jwa7srvo-1afb82c4082b86236de373dcff0331d9 .av-subheading{\nfont-size:15px;\n}\n<\/style>\n<div  class='av-special-heading av-jwa7srvo-1afb82c4082b86236de373dcff0331d9 av-special-heading-h1 custom-color-heading blockquote modern-quote  avia-builder-el-2  avia-builder-el-no-sibling '><h1 class='av-special-heading-tag '  itemprop=\"headline\"  >Kontakt<\/h1><div class=\"special-heading-border\"><div class=\"special-heading-inner-border\"><\/div><\/div><\/div><\/div>\n\n<\/div><\/div><\/main><!-- close content main element --><\/div><\/div><\/div><div id='av_section_2'  class='avia-section av-mn502-b676b53845014b894ea1b6129f68af55 main_color avia-section-default avia-no-border-styling  avia-builder-el-3  el_after_av_section  avia-builder-el-last  avia-bg-style-scroll container_wrap sidebar_right'  ><div class='container av-section-cont-open' ><div class='template-page content  av-content-small alpha units'><div class='post-entry post-entry-type-page post-entry-3568'><div class='entry-content-wrapper clearfix'>\n\n<style type=\"text\/css\" data-created_by=\"avia_inline_auto\" id=\"style-css-av-2uyxxu-d6a81207c9a2c9917b8bb3a9b3550ea1\">\n.flex_column.av-2uyxxu-d6a81207c9a2c9917b8bb3a9b3550ea1{\nborder-radius:0px 0px 0px 0px;\npadding:0px 0px 0px 0px;\n}\n<\/style>\n<div  class='flex_column av-2uyxxu-d6a81207c9a2c9917b8bb3a9b3550ea1 av_one_full  avia-builder-el-4  el_before_av_one_fourth  avia-builder-el-first  first flex_column_div av-zero-column-padding  '     ><p>\n<style type=\"text\/css\" data-created_by=\"avia_inline_auto\" id=\"style-css-av-av_heading-a4305c2638982ea9cef0f78f78b2162f\">\n#top .av-special-heading.av-av_heading-a4305c2638982ea9cef0f78f78b2162f{\npadding-bottom:10px;\n}\nbody .av-special-heading.av-av_heading-a4305c2638982ea9cef0f78f78b2162f .av-special-heading-tag .heading-char{\nfont-size:25px;\n}\n.av-special-heading.av-av_heading-a4305c2638982ea9cef0f78f78b2162f .av-subheading{\nfont-size:15px;\n}\n<\/style>\n<div  class='av-special-heading av-av_heading-a4305c2638982ea9cef0f78f78b2162f av-special-heading-h1 blockquote modern-quote  avia-builder-el-5  el_before_av_hr  avia-builder-el-first '><h1 class='av-special-heading-tag '  itemprop=\"headline\"  >Das Gasthaus Koblarjev zaliv<\/h1><div class='av-subheading av-subheading_below'><p>Mateja Koblar s.p.<\/p>\n<\/div><div class=\"special-heading-border\"><div class=\"special-heading-inner-border\"><\/div><\/div><\/div><br \/>\n\n<style type=\"text\/css\" data-created_by=\"avia_inline_auto\" id=\"style-css-av-jvysosk5-03898e8974f172218c7a6d716caa8dca\">\n#top .hr.hr-invisible.av-jvysosk5-03898e8974f172218c7a6d716caa8dca{\nheight:20px;\n}\n<\/style>\n<div  class='hr av-jvysosk5-03898e8974f172218c7a6d716caa8dca hr-invisible  avia-builder-el-6  el_after_av_heading  avia-builder-el-last '><span class='hr-inner '><span class=\"hr-inner-style\"><\/span><\/span><\/div><\/p><\/div><div class='flex_column_table av-2uyxxu-5d41acc654d73fbb4796b779592ac7c7 sc-av_one_fourth av-equal-height-column-flextable'>\n<style type=\"text\/css\" data-created_by=\"avia_inline_auto\" id=\"style-css-av-2uyxxu-5d41acc654d73fbb4796b779592ac7c7\">\n.flex_column.av-2uyxxu-5d41acc654d73fbb4796b779592ac7c7{\nborder-radius:0px 0px 0px 0px;\npadding:0px 0px 0px 0px;\n}\n<\/style>\n<div  class='flex_column av-2uyxxu-5d41acc654d73fbb4796b779592ac7c7 av_one_fourth  avia-builder-el-7  el_after_av_one_full  el_before_av_one_fourth  first flex_column_table_cell av-equal-height-column av-align-middle av-zero-column-padding  column-top-margin'     ><section  class='av_textblock_section av-jvwqbzqr-957bf541e7d368e0396bb910ef231857 '   itemscope=\"itemscope\" itemtype=\"https:\/\/schema.org\/CreativeWork\" ><div class='avia_textblock'  itemprop=\"text\" ><h3>Na Otok 20<br \/>\n2351 Kamnica<br \/>\nMaribor, Slovenija<\/h3>\n<\/div><\/section><\/div><div class='av-flex-placeholder'><\/div>\n<style type=\"text\/css\" data-created_by=\"avia_inline_auto\" id=\"style-css-av-2uyxxu-9a9f0c508e7b22ccbc78e4f3be32a41d\">\n.flex_column.av-2uyxxu-9a9f0c508e7b22ccbc78e4f3be32a41d{\nborder-radius:0px 0px 0px 0px;\npadding:0px 0px 0px 0px;\n}\n<\/style>\n<div  class='flex_column av-2uyxxu-9a9f0c508e7b22ccbc78e4f3be32a41d av_one_fourth  avia-builder-el-9  el_after_av_one_fourth  el_before_av_one_half  flex_column_table_cell av-equal-height-column av-align-middle av-zero-column-padding  column-top-margin'     ><section  class='av_textblock_section av-jvwqbzqr-957bf541e7d368e0396bb910ef231857 '   itemscope=\"itemscope\" itemtype=\"https:\/\/schema.org\/CreativeWork\" ><div class='avia_textblock'  itemprop=\"text\" ><h4><strong>T:\u00a0 <a href=\"tel:+38622299550\">+386 2 22 99 550 <\/a><\/strong><\/h4>\n<h4><strong>E: \u00a0<a href=\"mailto:info@koblarjev-zaliv.si\" target=\"_blank\" rel=\"noopener noreferrer\">info@koblarjev-zaliv.si<\/a><\/strong><\/h4>\n<\/div><\/section><\/div><div class='av-flex-placeholder'><\/div>\n<style type=\"text\/css\" data-created_by=\"avia_inline_auto\" id=\"style-css-av-2uyxxu-9a9f0c508e7b22ccbc78e4f3be32a41d\">\n.flex_column.av-2uyxxu-9a9f0c508e7b22ccbc78e4f3be32a41d{\nborder-radius:0px 0px 0px 0px;\npadding:0px 0px 0px 0px;\n}\n<\/style>\n<div  class='flex_column av-2uyxxu-9a9f0c508e7b22ccbc78e4f3be32a41d av_one_half  avia-builder-el-11  el_after_av_one_fourth  avia-builder-el-last  flex_column_table_cell av-equal-height-column av-align-middle av-zero-column-padding  column-top-margin'     ><div  class='avia-button-wrap av-jvyskiy5-54637b48bd2a8c37f1a62b6a6f41e6bc-wrap avia-button-left  avia-builder-el-12  avia-builder-el-no-sibling '><a href='https:\/\/www.google.si\/maps\/place\/Restaurant+Koblarjev+Bay\/@46.5654851,15.616957,17z\/data=!3m1!4b1!4m5!3m4!1s0x476f77ce796dcc6f:0x94f42a8d850ebaf1!8m2!3d46.5654851!4d15.6191457'  class='avia-button av-jvyskiy5-54637b48bd2a8c37f1a62b6a6f41e6bc av-link-btn avia-icon_select-no avia-size-large avia-position-left avia-color-dark'  target=\"_blank\"  rel=\"noopener noreferrer\"  aria-label=\"Hier her kommen?\"><span class='avia_iconbox_title' >Hier her kommen?<\/span><\/a><\/div><\/div><\/div><!--close column table wrapper. Autoclose: 1 --><\/div><\/div><\/div><!-- close content main div --><\/div><\/div><div id='after_section_2'  class='main_color av_default_container_wrap container_wrap sidebar_right'  ><div class='container av-section-cont-open' ><div class='template-page content  av-content-small alpha units'><div class='post-entry post-entry-type-page post-entry-3568'><div class='entry-content-wrapper clearfix'>\n","protected":false},"excerpt":{"rendered":"","protected":false},"author":1,"featured_media":0,"parent":0,"menu_order":400,"comment_status":"closed","ping_status":"closed","template":"","meta":{"footnotes":""},"categories":[],"tags":[],"class_list":["post-3568","page","type-page","status-publish","hentry"],"yoast_head":"<!-- This site is optimized with the Yoast SEO plugin v27.4 - https:\/\/yoast.com\/product\/yoast-seo-wordpress\/ -->\n<title>Kontakt - Gasthaus Koblarjev Zaliv<\/title>\n<meta name=\"robots\" content=\"index, follow, max-snippet:-1, max-image-preview:large, max-video-preview:-1\" \/>\n<link rel=\"canonical\" href=\"https:\/\/www.koblarjev-zaliv.si\/de\/kontakt\/\" \/>\n<meta property=\"og:locale\" content=\"de_DE\" \/>\n<meta property=\"og:type\" content=\"article\" \/>\n<meta property=\"og:title\" content=\"Kontakt - Gasthaus Koblarjev Zaliv\" \/>\n<meta property=\"og:url\" content=\"https:\/\/www.koblarjev-zaliv.si\/de\/kontakt\/\" \/>\n<meta property=\"og:site_name\" content=\"Gasthaus Koblarjev Zaliv\" \/>\n<meta property=\"article:publisher\" content=\"https:\/\/www.facebook.com\/GostilnaKoblarjevZaliv\" \/>\n<meta property=\"article:modified_time\" content=\"2019-08-04T09:43:17+00:00\" \/>\n<meta property=\"og:image\" content=\"https:\/\/www.koblarjev-zaliv.si\/wp-content\/uploads\/2014\/10\/181.jpg\" \/>\n\t<meta property=\"og:image:width\" content=\"3000\" \/>\n\t<meta property=\"og:image:height\" content=\"2250\" \/>\n\t<meta property=\"og:image:type\" content=\"image\/jpeg\" \/>\n<meta name=\"twitter:label1\" content=\"Gesch\u00e4tzte Lesezeit\" \/>\n\t<meta name=\"twitter:data1\" content=\"5\u00a0Minuten\" \/>\n<script type=\"application\/ld+json\" class=\"yoast-schema-graph\">{\"@context\":\"https:\\\/\\\/schema.org\",\"@graph\":[{\"@type\":\"WebPage\",\"@id\":\"https:\\\/\\\/www.koblarjev-zaliv.si\\\/de\\\/kontakt\\\/\",\"url\":\"https:\\\/\\\/www.koblarjev-zaliv.si\\\/de\\\/kontakt\\\/\",\"name\":\"Kontakt - Gasthaus Koblarjev Zaliv\",\"isPartOf\":{\"@id\":\"https:\\\/\\\/www.koblarjev-zaliv.si\\\/#website\"},\"datePublished\":\"2013-04-04T23:55:11+00:00\",\"dateModified\":\"2019-08-04T09:43:17+00:00\",\"breadcrumb\":{\"@id\":\"https:\\\/\\\/www.koblarjev-zaliv.si\\\/de\\\/kontakt\\\/#breadcrumb\"},\"inLanguage\":\"de\",\"potentialAction\":[{\"@type\":\"ReadAction\",\"target\":[\"https:\\\/\\\/www.koblarjev-zaliv.si\\\/de\\\/kontakt\\\/\"]}]},{\"@type\":\"BreadcrumbList\",\"@id\":\"https:\\\/\\\/www.koblarjev-zaliv.si\\\/de\\\/kontakt\\\/#breadcrumb\",\"itemListElement\":[{\"@type\":\"ListItem\",\"position\":1,\"name\":\"Home\",\"item\":\"https:\\\/\\\/www.koblarjev-zaliv.si\\\/de\\\/\"},{\"@type\":\"ListItem\",\"position\":2,\"name\":\"Kontakt\"}]},{\"@type\":\"WebSite\",\"@id\":\"https:\\\/\\\/www.koblarjev-zaliv.si\\\/#website\",\"url\":\"https:\\\/\\\/www.koblarjev-zaliv.si\\\/\",\"name\":\"Gasthaus Koblarjev Zaliv\",\"description\":\"Gostilna Koblarjev Zaliv se nahaja sredi \u010dudovitega zaliva reke Drave, kjer \u017ee ve\u010d kot 40 let razvajamo na\u0161e goste z izbrano in celovito gostinsko ponudbo.\",\"potentialAction\":[{\"@type\":\"SearchAction\",\"target\":{\"@type\":\"EntryPoint\",\"urlTemplate\":\"https:\\\/\\\/www.koblarjev-zaliv.si\\\/?s={search_term_string}\"},\"query-input\":{\"@type\":\"PropertyValueSpecification\",\"valueRequired\":true,\"valueName\":\"search_term_string\"}}],\"inLanguage\":\"de\"}]}<\/script>\n<!-- \/ Yoast SEO plugin. -->","yoast_head_json":{"title":"Kontakt - Gasthaus Koblarjev Zaliv","robots":{"index":"index","follow":"follow","max-snippet":"max-snippet:-1","max-image-preview":"max-image-preview:large","max-video-preview":"max-video-preview:-1"},"canonical":"https:\/\/www.koblarjev-zaliv.si\/de\/kontakt\/","og_locale":"de_DE","og_type":"article","og_title":"Kontakt - Gasthaus Koblarjev Zaliv","og_url":"https:\/\/www.koblarjev-zaliv.si\/de\/kontakt\/","og_site_name":"Gasthaus Koblarjev Zaliv","article_publisher":"https:\/\/www.facebook.com\/GostilnaKoblarjevZaliv","article_modified_time":"2019-08-04T09:43:17+00:00","og_image":[{"width":3000,"height":2250,"url":"https:\/\/www.koblarjev-zaliv.si\/wp-content\/uploads\/2014\/10\/181.jpg","type":"image\/jpeg"}],"twitter_misc":{"Gesch\u00e4tzte Lesezeit":"5\u00a0Minuten"},"schema":{"@context":"https:\/\/schema.org","@graph":[{"@type":"WebPage","@id":"https:\/\/www.koblarjev-zaliv.si\/de\/kontakt\/","url":"https:\/\/www.koblarjev-zaliv.si\/de\/kontakt\/","name":"Kontakt - Gasthaus Koblarjev Zaliv","isPartOf":{"@id":"https:\/\/www.koblarjev-zaliv.si\/#website"},"datePublished":"2013-04-04T23:55:11+00:00","dateModified":"2019-08-04T09:43:17+00:00","breadcrumb":{"@id":"https:\/\/www.koblarjev-zaliv.si\/de\/kontakt\/#breadcrumb"},"inLanguage":"de","potentialAction":[{"@type":"ReadAction","target":["https:\/\/www.koblarjev-zaliv.si\/de\/kontakt\/"]}]},{"@type":"BreadcrumbList","@id":"https:\/\/www.koblarjev-zaliv.si\/de\/kontakt\/#breadcrumb","itemListElement":[{"@type":"ListItem","position":1,"name":"Home","item":"https:\/\/www.koblarjev-zaliv.si\/de\/"},{"@type":"ListItem","position":2,"name":"Kontakt"}]},{"@type":"WebSite","@id":"https:\/\/www.koblarjev-zaliv.si\/#website","url":"https:\/\/www.koblarjev-zaliv.si\/","name":"Gasthaus Koblarjev Zaliv","description":"Gostilna Koblarjev Zaliv se nahaja sredi \u010dudovitega zaliva reke Drave, kjer \u017ee ve\u010d kot 40 let razvajamo na\u0161e goste z izbrano in celovito gostinsko ponudbo.","potentialAction":[{"@type":"SearchAction","target":{"@type":"EntryPoint","urlTemplate":"https:\/\/www.koblarjev-zaliv.si\/?s={search_term_string}"},"query-input":{"@type":"PropertyValueSpecification","valueRequired":true,"valueName":"search_term_string"}}],"inLanguage":"de"}]}},"_links":{"self":[{"href":"https:\/\/www.koblarjev-zaliv.si\/de\/wp-json\/wp\/v2\/pages\/3568","targetHints":{"allow":["GET"]}}],"collection":[{"href":"https:\/\/www.koblarjev-zaliv.si\/de\/wp-json\/wp\/v2\/pages"}],"about":[{"href":"https:\/\/www.koblarjev-zaliv.si\/de\/wp-json\/wp\/v2\/types\/page"}],"author":[{"embeddable":true,"href":"https:\/\/www.koblarjev-zaliv.si\/de\/wp-json\/wp\/v2\/users\/1"}],"replies":[{"embeddable":true,"href":"https:\/\/www.koblarjev-zaliv.si\/de\/wp-json\/wp\/v2\/comments?post=3568"}],"version-history":[{"count":8,"href":"https:\/\/www.koblarjev-zaliv.si\/de\/wp-json\/wp\/v2\/pages\/3568\/revisions"}],"predecessor-version":[{"id":5308,"href":"https:\/\/www.koblarjev-zaliv.si\/de\/wp-json\/wp\/v2\/pages\/3568\/revisions\/5308"}],"wp:attachment":[{"href":"https:\/\/www.koblarjev-zaliv.si\/de\/wp-json\/wp\/v2\/media?parent=3568"}],"wp:term":[{"taxonomy":"category","embeddable":true,"href":"https:\/\/www.koblarjev-zaliv.si\/de\/wp-json\/wp\/v2\/categories?post=3568"},{"taxonomy":"post_tag","embeddable":true,"href":"https:\/\/www.koblarjev-zaliv.si\/de\/wp-json\/wp\/v2\/tags?post=3568"}],"curies":[{"name":"wp","href":"https:\/\/api.w.org\/{rel}","templated":true}]}}