{"id":3498,"date":"2014-06-21T19:37:05","date_gmt":"2014-06-21T19:37:05","guid":{"rendered":"http:\/\/koblarjev-zaliv.si.res-rei.si\/?page_id=3498"},"modified":"2014-07-26T11:25:48","modified_gmt":"2014-07-26T11:25:48","slug":"gallery","status":"publish","type":"page","link":"https:\/\/www.koblarjev-zaliv.si\/en\/gallery\/","title":{"rendered":"GALLERY"},"content":{"rendered":"<div id='av-masonry-1' class='av-masonry av-av_masonry_gallery-461ab3342bd7755ec30b26fe64e91386 noHover av-fixed-size av-no-gap av-hover-overlay- av-masonry-animation-active av-masonry-col-automatic av-caption-always av-caption-style- av-masonry-gallery ' data-post_id=\"3498\"><div class=\"av-masonry-container isotope av-js-disabled\"><div class='av-masonry-entry isotope-item av-masonry-item-no-image '><\/div><div id='av-masonry-1-item-3440' data-av-masonry-item='3440' class='av-masonry-entry isotope-item post-3440 attachment type-attachment status-inherit hentry  av-masonry-item-with-image av-landscape-img'    itemprop=\"thumbnailUrl\" ><div class='av-inner-masonry-sizer'><\/div><figure class='av-inner-masonry main_color'><div class=\"av-masonry-outerimage-container\"><div class='av-masonry-image-container' style=\"background-image: url(https:\/\/www.koblarjev-zaliv.si\/wp-content\/uploads\/2013\/04\/s-splavom-po-dravi-1.jpg);\"  title=\"s splavom po dravi 1\" ><\/div><\/div><\/figure><\/div><!--end av-masonry entry--><div id='av-masonry-1-item-3409' data-av-masonry-item='3409' class='av-masonry-entry isotope-item post-3409 attachment type-attachment status-inherit hentry  av-masonry-item-with-image av-grid-img'    itemprop=\"thumbnailUrl\" ><div class='av-inner-masonry-sizer'><\/div><figure class='av-inner-masonry main_color'><div class=\"av-masonry-outerimage-container\"><div class='av-masonry-image-container' style=\"background-image: url(https:\/\/www.koblarjev-zaliv.si\/wp-content\/uploads\/2013\/04\/Gostilna-Koblarjev-Zaliv-Maribor-1-19-705x528.jpg);\"  title=\"Gostilna Koblarjev Zaliv Maribor 1-19\" ><\/div><\/div><\/figure><\/div><!--end av-masonry entry--><div id='av-masonry-1-item-4272' data-av-masonry-item='4272' class='av-masonry-entry isotope-item post-4272 attachment type-attachment status-inherit hentry  av-masonry-item-with-image av-grid-img'    itemprop=\"thumbnailUrl\" ><div class='av-inner-masonry-sizer'><\/div><figure class='av-inner-masonry main_color'><div class=\"av-masonry-outerimage-container\"><div class='av-masonry-image-container' style=\"background-image: url(https:\/\/www.koblarjev-zaliv.si\/wp-content\/uploads\/2011\/03\/avtodomi-prenocisca-705x528.jpg);\"  title=\"avtodomi-prenocisca\" ><\/div><\/div><\/figure><\/div><!--end av-masonry entry--><div id='av-masonry-1-item-4280' data-av-masonry-item='4280' class='av-masonry-entry isotope-item post-4280 attachment type-attachment status-inherit hentry  av-masonry-item-with-image av-grid-img'    itemprop=\"thumbnailUrl\" ><div class='av-inner-masonry-sizer'><\/div><figure class='av-inner-masonry main_color'><div class=\"av-masonry-outerimage-container\"><div class='av-masonry-image-container' style=\"background-image: url(https:\/\/www.koblarjev-zaliv.si\/wp-content\/uploads\/2014\/04\/0526AGRI006-705x482.jpg);\"  title=\"0526AGRI006\" ><\/div><\/div><\/figure><\/div><!--end av-masonry entry--><div id='av-masonry-1-item-4296' data-av-masonry-item='4296' class='av-masonry-entry isotope-item post-4296 attachment type-attachment status-inherit hentry  av-masonry-item-with-image av-grid-img'    itemprop=\"thumbnailUrl\" ><div class='av-inner-masonry-sizer'><\/div><figure class='av-inner-masonry main_color'><div class=\"av-masonry-outerimage-container\"><div class='av-masonry-image-container' style=\"background-image: url(https:\/\/www.koblarjev-zaliv.si\/wp-content\/uploads\/2013\/04\/kako-do-nas-705x565.png);\"  title=\"kako-do-nas\" ><\/div><\/div><\/figure><\/div><!--end av-masonry entry--><div id='av-masonry-1-item-4328' data-av-masonry-item='4328' class='av-masonry-entry isotope-item post-4328 attachment type-attachment status-inherit hentry  av-masonry-item-with-image av-landscape-img'    itemprop=\"thumbnailUrl\" ><div class='av-inner-masonry-sizer'><\/div><figure class='av-inner-masonry main_color'><div class=\"av-masonry-outerimage-container\"><div class='av-masonry-image-container' style=\"background-image: url(https:\/\/www.koblarjev-zaliv.si\/wp-content\/uploads\/2014\/04\/10289128_10203787741323646_306588579_o-705x396.jpg);\"  title=\"10289128_10203787741323646_306588579_o\" ><\/div><\/div><\/figure><\/div><!--end av-masonry entry--><div id='av-masonry-1-item-4332' data-av-masonry-item='4332' class='av-masonry-entry isotope-item post-4332 attachment type-attachment status-inherit hentry  av-masonry-item-with-image av-landscape-img'    itemprop=\"thumbnailUrl\" ><div class='av-inner-masonry-sizer'><\/div><figure class='av-inner-masonry main_color'><div class=\"av-masonry-outerimage-container\"><div class='av-masonry-image-container' style=\"background-image: url(https:\/\/www.koblarjev-zaliv.si\/wp-content\/uploads\/2014\/06\/GOPR7789-705x388.jpg);\"  title=\"DCIM100GOPRO\" ><\/div><\/div><\/figure><\/div><!--end av-masonry entry--><div id='av-masonry-1-item-3415' data-av-masonry-item='3415' class='av-masonry-entry isotope-item post-3415 attachment type-attachment status-inherit hentry  av-masonry-item-with-image av-grid-img'    itemprop=\"thumbnailUrl\" ><div class='av-inner-masonry-sizer'><\/div><figure class='av-inner-masonry main_color'><div class=\"av-masonry-outerimage-container\"><div class='av-masonry-image-container' style=\"background-image: url(https:\/\/www.koblarjev-zaliv.si\/wp-content\/uploads\/2013\/04\/Gostilna-Koblarjev-Zaliv-Maribor-1-32-12.jpg);\"  title=\"Gostilna-Koblarjev-Zaliv-Maribor-1-32-1\" ><\/div><\/div><\/figure><\/div><!--end av-masonry entry--><div id='av-masonry-1-item-3420' data-av-masonry-item='3420' class='av-masonry-entry isotope-item post-3420 attachment type-attachment status-inherit hentry  av-masonry-item-with-image av-landscape-img'    itemprop=\"thumbnailUrl\" ><div class='av-inner-masonry-sizer'><\/div><figure class='av-inner-masonry main_color'><div class=\"av-masonry-outerimage-container\"><div class='av-masonry-image-container' style=\"background-image: url(https:\/\/www.koblarjev-zaliv.si\/wp-content\/uploads\/2013\/04\/Skupine-Gostilne1.jpg);\"  title=\"Skupine-Gostilne\" ><\/div><\/div><\/figure><\/div><!--end av-masonry entry--><div id='av-masonry-1-item-3426' data-av-masonry-item='3426' class='av-masonry-entry isotope-item post-3426 attachment type-attachment status-inherit hentry  av-masonry-item-with-image av-grid-img'    itemprop=\"thumbnailUrl\" ><div class='av-inner-masonry-sizer'><\/div><figure class='av-inner-masonry main_color'><div class=\"av-masonry-outerimage-container\"><div class='av-masonry-image-container' style=\"background-image: url(https:\/\/www.koblarjev-zaliv.si\/wp-content\/uploads\/2013\/04\/zakljucene-skupine.jpg);\"  title=\"zakljucene skupine\" ><\/div><\/div><\/figure><\/div><!--end av-masonry entry--><div id='av-masonry-1-item-3428' data-av-masonry-item='3428' class='av-masonry-entry isotope-item post-3428 attachment type-attachment status-inherit hentry  av-masonry-item-with-image av-grid-img'    itemprop=\"thumbnailUrl\" ><div class='av-inner-masonry-sizer'><\/div><figure class='av-inner-masonry main_color'><div class=\"av-masonry-outerimage-container\"><div class='av-masonry-image-container' style=\"background-image: url(https:\/\/www.koblarjev-zaliv.si\/wp-content\/uploads\/2013\/04\/vrt-z-igriscem.jpg);\"  title=\"vrt z igriscem\" ><\/div><\/div><\/figure><\/div><!--end av-masonry entry--><\/div><\/div>\n","protected":false},"excerpt":{"rendered":"","protected":false},"author":1,"featured_media":0,"parent":0,"menu_order":300,"comment_status":"closed","ping_status":"closed","template":"","meta":{"footnotes":""},"categories":[],"tags":[],"class_list":["post-3498","page","type-page","status-publish","hentry"],"yoast_head":"<!-- This site is optimized with the Yoast SEO plugin v27.4 - https:\/\/yoast.com\/product\/yoast-seo-wordpress\/ -->\n<title>GALLERY - Restaurant Koblarjev Zaliv<\/title>\n<meta name=\"robots\" content=\"index, follow, max-snippet:-1, max-image-preview:large, max-video-preview:-1\" \/>\n<link rel=\"canonical\" href=\"https:\/\/www.koblarjev-zaliv.si\/en\/gallery\/\" \/>\n<meta property=\"og:locale\" content=\"en_US\" \/>\n<meta property=\"og:type\" content=\"article\" \/>\n<meta property=\"og:title\" content=\"GALLERY - Restaurant Koblarjev Zaliv\" \/>\n<meta property=\"og:url\" content=\"https:\/\/www.koblarjev-zaliv.si\/en\/gallery\/\" \/>\n<meta property=\"og:site_name\" content=\"Restaurant Koblarjev Zaliv\" \/>\n<meta property=\"article:publisher\" content=\"https:\/\/www.facebook.com\/GostilnaKoblarjevZaliv\" \/>\n<meta property=\"article:modified_time\" content=\"2014-07-26T11:25:48+00:00\" \/>\n<meta property=\"og:image\" content=\"https:\/\/www.koblarjev-zaliv.si\/wp-content\/uploads\/2014\/10\/181.jpg\" \/>\n\t<meta property=\"og:image:width\" content=\"3000\" \/>\n\t<meta property=\"og:image:height\" content=\"2250\" \/>\n\t<meta property=\"og:image:type\" content=\"image\/jpeg\" \/>\n<script type=\"application\/ld+json\" class=\"yoast-schema-graph\">{\"@context\":\"https:\\\/\\\/schema.org\",\"@graph\":[{\"@type\":\"WebPage\",\"@id\":\"https:\\\/\\\/www.koblarjev-zaliv.si\\\/en\\\/gallery\\\/\",\"url\":\"https:\\\/\\\/www.koblarjev-zaliv.si\\\/en\\\/gallery\\\/\",\"name\":\"GALLERY - Restaurant Koblarjev Zaliv\",\"isPartOf\":{\"@id\":\"https:\\\/\\\/www.koblarjev-zaliv.si\\\/#website\"},\"datePublished\":\"2014-06-21T19:37:05+00:00\",\"dateModified\":\"2014-07-26T11:25:48+00:00\",\"breadcrumb\":{\"@id\":\"https:\\\/\\\/www.koblarjev-zaliv.si\\\/en\\\/gallery\\\/#breadcrumb\"},\"inLanguage\":\"en-US\",\"potentialAction\":[{\"@type\":\"ReadAction\",\"target\":[\"https:\\\/\\\/www.koblarjev-zaliv.si\\\/en\\\/gallery\\\/\"]}]},{\"@type\":\"BreadcrumbList\",\"@id\":\"https:\\\/\\\/www.koblarjev-zaliv.si\\\/en\\\/gallery\\\/#breadcrumb\",\"itemListElement\":[{\"@type\":\"ListItem\",\"position\":1,\"name\":\"Home\",\"item\":\"https:\\\/\\\/www.koblarjev-zaliv.si\\\/en\\\/\"},{\"@type\":\"ListItem\",\"position\":2,\"name\":\"GALLERY\"}]},{\"@type\":\"WebSite\",\"@id\":\"https:\\\/\\\/www.koblarjev-zaliv.si\\\/#website\",\"url\":\"https:\\\/\\\/www.koblarjev-zaliv.si\\\/\",\"name\":\"Restaurant Koblarjev Zaliv\",\"description\":\"Gostilna Koblarjev Zaliv se nahaja sredi \u010dudovitega zaliva reke Drave, kjer \u017ee ve\u010d kot 40 let razvajamo na\u0161e goste z izbrano in celovito gostinsko ponudbo.\",\"potentialAction\":[{\"@type\":\"SearchAction\",\"target\":{\"@type\":\"EntryPoint\",\"urlTemplate\":\"https:\\\/\\\/www.koblarjev-zaliv.si\\\/?s={search_term_string}\"},\"query-input\":{\"@type\":\"PropertyValueSpecification\",\"valueRequired\":true,\"valueName\":\"search_term_string\"}}],\"inLanguage\":\"en-US\"}]}<\/script>\n<!-- \/ Yoast SEO plugin. -->","yoast_head_json":{"title":"GALLERY - Restaurant Koblarjev Zaliv","robots":{"index":"index","follow":"follow","max-snippet":"max-snippet:-1","max-image-preview":"max-image-preview:large","max-video-preview":"max-video-preview:-1"},"canonical":"https:\/\/www.koblarjev-zaliv.si\/en\/gallery\/","og_locale":"en_US","og_type":"article","og_title":"GALLERY - Restaurant Koblarjev Zaliv","og_url":"https:\/\/www.koblarjev-zaliv.si\/en\/gallery\/","og_site_name":"Restaurant Koblarjev Zaliv","article_publisher":"https:\/\/www.facebook.com\/GostilnaKoblarjevZaliv","article_modified_time":"2014-07-26T11:25:48+00:00","og_image":[{"width":3000,"height":2250,"url":"https:\/\/www.koblarjev-zaliv.si\/wp-content\/uploads\/2014\/10\/181.jpg","type":"image\/jpeg"}],"schema":{"@context":"https:\/\/schema.org","@graph":[{"@type":"WebPage","@id":"https:\/\/www.koblarjev-zaliv.si\/en\/gallery\/","url":"https:\/\/www.koblarjev-zaliv.si\/en\/gallery\/","name":"GALLERY - Restaurant Koblarjev Zaliv","isPartOf":{"@id":"https:\/\/www.koblarjev-zaliv.si\/#website"},"datePublished":"2014-06-21T19:37:05+00:00","dateModified":"2014-07-26T11:25:48+00:00","breadcrumb":{"@id":"https:\/\/www.koblarjev-zaliv.si\/en\/gallery\/#breadcrumb"},"inLanguage":"en-US","potentialAction":[{"@type":"ReadAction","target":["https:\/\/www.koblarjev-zaliv.si\/en\/gallery\/"]}]},{"@type":"BreadcrumbList","@id":"https:\/\/www.koblarjev-zaliv.si\/en\/gallery\/#breadcrumb","itemListElement":[{"@type":"ListItem","position":1,"name":"Home","item":"https:\/\/www.koblarjev-zaliv.si\/en\/"},{"@type":"ListItem","position":2,"name":"GALLERY"}]},{"@type":"WebSite","@id":"https:\/\/www.koblarjev-zaliv.si\/#website","url":"https:\/\/www.koblarjev-zaliv.si\/","name":"Restaurant Koblarjev Zaliv","description":"Gostilna Koblarjev Zaliv se nahaja sredi \u010dudovitega zaliva reke Drave, kjer \u017ee ve\u010d kot 40 let razvajamo na\u0161e goste z izbrano in celovito gostinsko ponudbo.","potentialAction":[{"@type":"SearchAction","target":{"@type":"EntryPoint","urlTemplate":"https:\/\/www.koblarjev-zaliv.si\/?s={search_term_string}"},"query-input":{"@type":"PropertyValueSpecification","valueRequired":true,"valueName":"search_term_string"}}],"inLanguage":"en-US"}]}},"_links":{"self":[{"href":"https:\/\/www.koblarjev-zaliv.si\/en\/wp-json\/wp\/v2\/pages\/3498","targetHints":{"allow":["GET"]}}],"collection":[{"href":"https:\/\/www.koblarjev-zaliv.si\/en\/wp-json\/wp\/v2\/pages"}],"about":[{"href":"https:\/\/www.koblarjev-zaliv.si\/en\/wp-json\/wp\/v2\/types\/page"}],"author":[{"embeddable":true,"href":"https:\/\/www.koblarjev-zaliv.si\/en\/wp-json\/wp\/v2\/users\/1"}],"replies":[{"embeddable":true,"href":"https:\/\/www.koblarjev-zaliv.si\/en\/wp-json\/wp\/v2\/comments?post=3498"}],"version-history":[{"count":3,"href":"https:\/\/www.koblarjev-zaliv.si\/en\/wp-json\/wp\/v2\/pages\/3498\/revisions"}],"predecessor-version":[{"id":3680,"href":"https:\/\/www.koblarjev-zaliv.si\/en\/wp-json\/wp\/v2\/pages\/3498\/revisions\/3680"}],"wp:attachment":[{"href":"https:\/\/www.koblarjev-zaliv.si\/en\/wp-json\/wp\/v2\/media?parent=3498"}],"wp:term":[{"taxonomy":"category","embeddable":true,"href":"https:\/\/www.koblarjev-zaliv.si\/en\/wp-json\/wp\/v2\/categories?post=3498"},{"taxonomy":"post_tag","embeddable":true,"href":"https:\/\/www.koblarjev-zaliv.si\/en\/wp-json\/wp\/v2\/tags?post=3498"}],"curies":[{"name":"wp","href":"https:\/\/api.w.org\/{rel}","templated":true}]}}